{"id":1194,"date":"2022-04-03T06:41:14","date_gmt":"2022-04-03T06:41:14","guid":{"rendered":"https:\/\/suresolutiones.com\/?page_id=1194"},"modified":"2022-06-23T13:35:01","modified_gmt":"2022-06-23T13:35:01","slug":"business-sector","status":"publish","type":"page","link":"https:\/\/suresolutiones.com\/fr\/business-sector\/","title":{"rendered":"Secteur d'activit\u00e9"},"content":{"rendered":"<p>[et_pb_section fb_built=&#8221;1&#8243; custom_padding_last_edited=&#8221;on|tablet&#8221; module_class=&#8221;center&#8221; _builder_version=&#8221;4.7.3&#8243; _module_preset=&#8221;default&#8221; background_color_gradient_direction=&#8221;90deg&#8221; background_enable_image=&#8221;off&#8221; min_height=&#8221;100vh&#8221; custom_padding=&#8221;0px||0px||true|false&#8221; custom_padding_tablet=&#8221;150px||150px||false|false&#8221; custom_padding_phone=&#8221;&#8221; locked=&#8221;off&#8221;][et_pb_row column_structure=&#8221;3_5,2_5&#8243; custom_padding_last_edited=&#8221;off|tablet&#8221; _builder_version=&#8221;4.7.3&#8243; _module_preset=&#8221;default&#8221; custom_margin=&#8221;0px||0px||true|false&#8221; custom_padding=&#8221;0px||0px||true|false&#8221; custom_padding_tablet=&#8221;250px||150px||false|false&#8221;][et_pb_column type=&#8221;3_5&#8243; _builder_version=&#8221;4.7.3&#8243; _module_preset=&#8221;default&#8221;][et_pb_text _builder_version=&#8221;4.7.3&#8243; _module_preset=&#8221;default&#8221; text_text_color=&#8221;#0a5093&#8243; header_text_color=&#8221;#0a5093&#8243; header_2_text_color=&#8221;#0a5093&#8243; custom_margin=&#8221;||10px||false|false&#8221; animation_style=&#8221;slide&#8221; animation_direction=&#8221;right&#8221; locked=&#8221;off&#8221;]<\/p>\n<h1>NOS SERVICES<\/h1>\n<p>[\/et_pb_text][et_pb_text _builder_version=&#8221;4.7.3&#8243; _module_preset=&#8221;default&#8221; text_text_color=&#8221;#000000&#8243; header_text_color=&#8221;#0a5093&#8243; header_2_text_color=&#8221;#0a5093&#8243; animation_style=&#8221;slide&#8221; animation_direction=&#8221;right&#8221;]<\/p>\n<p>POUR RESTER COMP\u00c9TITIVES, LES ORGANISATIONS DOIVENT SUIVRE LE RYTHME DE LA TECHNOLOGIE<\/p>\n<p>[\/et_pb_text][\/et_pb_column][et_pb_column type=&#8221;2_5&#8243; _builder_version=&#8221;4.7.3&#8243; _module_preset=&#8221;default&#8221;][et_pb_image src=&#8221;https:\/\/suresolutiones.com\/wp-content\/uploads\/2022\/05\/pexels-brett-sayles-4330787.jpg&#8221; title_text=&#8221;pexels-brett-sayles-4330787&#8243; _builder_version=&#8221;4.7.3&#8243; _module_preset=&#8221;default&#8221;][\/et_pb_image][\/et_pb_column][\/et_pb_row][et_pb_row custom_padding_last_edited=&#8221;on|tablet&#8221; _builder_version=&#8221;4.7.3&#8243; _module_preset=&#8221;default&#8221; positioning=&#8221;absolute&#8221; position_origin_a=&#8221;bottom_center&#8221; vertical_offset=&#8221;20px&#8221; custom_padding=&#8221;0px||0px||true|false&#8221; custom_padding_tablet=&#8221;50px||50px||true|false&#8221; custom_padding_phone=&#8221;&#8221;][et_pb_column type=&#8221;4_4&#8243; _builder_version=&#8221;4.7.3&#8243; _module_preset=&#8221;default&#8221;][et_pb_code module_class=&#8221;center&#8221; _builder_version=&#8221;4.7.3&#8243; _module_preset=&#8221;default&#8221; link_option_url=&#8221;#service&#8221;]<svg xmlns=\"http:\/\/www.w3.org\/2000\/svg\" width=\"70\" height=\"70\" viewbox=\"0 0 97 97\"><!-- [et_pb_line_break_holder] -->  <g id=\"Group_1041\" data-name=\"Group 1041\" transform=\"translate(-912 -758)\"><!-- [et_pb_line_break_holder] -->    <circle id=\"Ellipse_41\" data-name=\"Ellipse 41\" cx=\"48.5\" cy=\"48.5\" r=\"48.5\" transform=\"translate(912 758)\" fill=\"#fff\"\/><!-- [et_pb_line_break_holder] -->    <g id=\"Icon_feather-arrow-right\" data-name=\"Icon feather-arrow-right\" transform=\"translate(975.064 779) rotate(90)\"><!-- [et_pb_line_break_holder] -->      <path id=\"Path_1\" data-name=\"Path 1\" d=\"M7.5,18H63.667\" transform=\"translate(-7.5 -2.968)\" fill=\"none\" stroke=\"#788190\" stroke-linecap=\"round\" stroke-linejoin=\"round\" stroke-width=\"2\"\/><!-- [et_pb_line_break_holder] -->      <path id=\"Path_2\" data-name=\"Path 2\" d=\"M18,7.5,33.032,22.532,18,37.564\" transform=\"translate(23.135 -7.5)\" fill=\"none\" stroke=\"#788190\" stroke-linecap=\"round\" stroke-linejoin=\"round\" stroke-width=\"2\"\/><!-- [et_pb_line_break_holder] -->    <\/g><!-- [et_pb_line_break_holder] -->  <\/g><!-- [et_pb_line_break_holder] --><\/svg>[\/et_pb_code][\/et_pb_column][\/et_pb_row][\/et_pb_section][et_pb_section fb_built=&#8221;1&#8243; module_id=&#8221;service&#8221; _builder_version=&#8221;4.7.3&#8243; _module_preset=&#8221;default&#8221; custom_padding=&#8221;0px||0px||true|false&#8221;][et_pb_row column_structure=&#8221;1_2,1_2&#8243; use_custom_gutter=&#8221;on&#8221; gutter_width=&#8221;1&#8243; make_equal=&#8221;on&#8221; custom_padding_last_edited=&#8221;on|tablet&#8221; _builder_version=&#8221;4.7.3&#8243; _module_preset=&#8221;default&#8221; width=&#8221;100%&#8221; max_width=&#8221;100%&#8221; custom_padding=&#8221;0px||0px||true|false&#8221; custom_padding_tablet=&#8221;50px||50px||true|false&#8221; custom_padding_phone=&#8221;&#8221;][et_pb_column type=&#8221;1_2&#8243; _builder_version=&#8221;4.7.3&#8243; _module_preset=&#8221;default&#8221; background_enable_color=&#8221;off&#8221; custom_padding=&#8221;|5%||5%|false|true&#8221; custom_css_main_element=&#8221;display:flex;||||flex-direction:column;||justify-content:center;&#8221;][et_pb_text _builder_version=&#8221;4.7.3&#8243; _module_preset=&#8221;default&#8221; text_text_color=&#8221;#000000&#8243; header_2_text_color=&#8221;#0a5093&#8243; animation_style=&#8221;slide&#8221; animation_direction=&#8221;right&#8221;]<\/p>\n<h2>Conseil &amp; Gestion\u00a0<\/h2>\n<p>[\/et_pb_text][et_pb_text _builder_version=&#8221;4.7.3&#8243; _module_preset=&#8221;default&#8221; text_text_color=&#8221;#000000&#8243; header_2_text_color=&#8221;#0a5093&#8243; custom_margin=&#8221;||50px||false|false&#8221; animation_style=&#8221;slide&#8221; animation_direction=&#8221;right&#8221;]<\/p>\n<p>afin que vous puissiez vous concentrer sur votre c\u0153ur de m\u00e9tier. Nous fournirons une large gamme de services de conseil informatique, de gestion de projet, de planification et de strat\u00e9gie, ainsi que de conception et de gestion de commerce \u00e9lectronique.<\/p>\n<p>[\/et_pb_text][\/et_pb_column][et_pb_column type=&#8221;1_2&#8243; _builder_version=&#8221;4.7.3&#8243; _module_preset=&#8221;default&#8221;][et_pb_image src=&#8221;https:\/\/suresolutiones.com\/wp-content\/uploads\/2022\/06\/ss-img-6.jpg&#8221; title_text=&#8221;ss-img-6&#8243; _builder_version=&#8221;4.7.3&#8243; _module_preset=&#8221;default&#8221;][\/et_pb_image][\/et_pb_column][\/et_pb_row][\/et_pb_section][et_pb_section fb_built=&#8221;1&#8243; _builder_version=&#8221;4.7.3&#8243; _module_preset=&#8221;default&#8221; custom_padding=&#8221;0px||0px||true|false&#8221;][et_pb_row column_structure=&#8221;1_2,1_2&#8243; use_custom_gutter=&#8221;on&#8221; gutter_width=&#8221;1&#8243; make_equal=&#8221;on&#8221; custom_padding_last_edited=&#8221;on|tablet&#8221; _builder_version=&#8221;4.7.3&#8243; _module_preset=&#8221;default&#8221; width=&#8221;100%&#8221; max_width=&#8221;100%&#8221; custom_padding=&#8221;0px||0px||true|false&#8221; custom_padding_tablet=&#8221;50px||50px||true|false&#8221; custom_padding_phone=&#8221;&#8221; custom_css_main_element_last_edited=&#8221;on|tablet&#8221; custom_css_main_element_tablet=&#8221;display:flex;||flex-direction:column-reverse;&#8221;][et_pb_column type=&#8221;1_2&#8243; _builder_version=&#8221;4.7.3&#8243; _module_preset=&#8221;default&#8221;][et_pb_image src=&#8221;https:\/\/suresolutiones.com\/wp-content\/uploads\/2022\/06\/ss-img-5.jpg&#8221; title_text=&#8221;ss-img-5&#8243; force_fullwidth=&#8221;on&#8221; _builder_version=&#8221;4.7.3&#8243; _module_preset=&#8221;default&#8221;][\/et_pb_image][\/et_pb_column][et_pb_column type=&#8221;1_2&#8243; _builder_version=&#8221;4.7.3&#8243; _module_preset=&#8221;default&#8221; background_enable_color=&#8221;off&#8221; custom_padding=&#8221;|5%||5%|false|true&#8221; custom_css_main_element=&#8221;display:flex;||||flex-direction:column;||justify-content:center;&#8221;][et_pb_text _builder_version=&#8221;4.7.3&#8243; _module_preset=&#8221;default&#8221; text_text_color=&#8221;#000000&#8243; header_2_text_color=&#8221;#0a5093&#8243; animation_style=&#8221;slide&#8221; animation_direction=&#8221;right&#8221;]<\/p>\n<h2>Externalisation<\/h2>\n<p>[\/et_pb_text][et_pb_text _builder_version=&#8221;4.7.3&#8243; _module_preset=&#8221;default&#8221; text_text_color=&#8221;#000000&#8243; header_2_text_color=&#8221;#0a5093&#8243; animation_style=&#8221;slide&#8221; animation_direction=&#8221;right&#8221;]<\/p>\n<p>De nombreuses entreprises d'aujourd'hui cherchent \u00e0 externaliser leur informatique. Ils peuvent concentrer leur attention sur leur c\u0153ur de m\u00e9tier et am\u00e9liorer imm\u00e9diatement leur efficacit\u00e9. Lorsqu'une entreprise externalise, cela devient un service qui peut \u00eatre budg\u00e9tis\u00e9 et achet\u00e9 \u00e0 la demande.<\/p>\n<p>[\/et_pb_text][\/et_pb_column][\/et_pb_row][\/et_pb_section][et_pb_section fb_built=&#8221;1&#8243; _builder_version=&#8221;4.7.3&#8243; _module_preset=&#8221;default&#8221; custom_padding=&#8221;0px||0px||true|false&#8221;][et_pb_row column_structure=&#8221;1_2,1_2&#8243; use_custom_gutter=&#8221;on&#8221; gutter_width=&#8221;1&#8243; make_equal=&#8221;on&#8221; custom_padding_last_edited=&#8221;on|tablet&#8221; _builder_version=&#8221;4.7.3&#8243; _module_preset=&#8221;default&#8221; width=&#8221;100%&#8221; max_width=&#8221;100%&#8221; custom_padding=&#8221;0px||0px||true|false&#8221; custom_padding_tablet=&#8221;50px||50px||true|false&#8221; custom_padding_phone=&#8221;&#8221;][et_pb_column type=&#8221;1_2&#8243; _builder_version=&#8221;4.7.3&#8243; _module_preset=&#8221;default&#8221; background_enable_color=&#8221;off&#8221; custom_padding=&#8221;|5%||5%|false|true&#8221; custom_css_main_element=&#8221;display:flex;||||flex-direction:column;||justify-content:center;&#8221;][et_pb_text _builder_version=&#8221;4.7.3&#8243; _module_preset=&#8221;default&#8221; text_text_color=&#8221;#000000&#8243; header_2_text_color=&#8221;#0a5093&#8243; animation_style=&#8221;slide&#8221; animation_direction=&#8221;right&#8221;]<\/p>\n<h2>Solutions infonuagiques<\/h2>\n<p>[\/et_pb_text][et_pb_text _builder_version=&#8221;4.7.3&#8243; _module_preset=&#8221;default&#8221; text_text_color=&#8221;#000000&#8243; header_2_text_color=&#8221;#0a5093&#8243; custom_margin=&#8221;||50px||false|false&#8221; animation_style=&#8221;slide&#8221; animation_direction=&#8221;right&#8221;]<\/p>\n<p>Conception et mise en \u0153uvre du cloud The Sure Solution travaillera en \u00e9troite collaboration avec nos clients pour \u00e9valuer leurs besoins et utiliser une approche efficace pour d\u00e9terminer les fonctionnalit\u00e9s et les produits de cloud computing qui fonctionneraient le mieux dans leur situation commerciale unique, les aidant \u00e0 effectuer facilement la transition et \u00e0 optimiser leurs op\u00e9rations informatiques.<\/p>\n<p>[\/et_pb_text][\/et_pb_column][et_pb_column type=&#8221;1_2&#8243; _builder_version=&#8221;4.7.3&#8243; _module_preset=&#8221;default&#8221;][et_pb_image src=&#8221;https:\/\/suresolutiones.com\/wp-content\/uploads\/2022\/06\/ss-img-4.jpg&#8221; title_text=&#8221;ss-img-4&#8243; _builder_version=&#8221;4.7.3&#8243; _module_preset=&#8221;default&#8221;][\/et_pb_image][\/et_pb_column][\/et_pb_row][\/et_pb_section][et_pb_section fb_built=&#8221;1&#8243; _builder_version=&#8221;4.7.3&#8243; _module_preset=&#8221;default&#8221; custom_padding=&#8221;0px||0px||true|false&#8221;][et_pb_row column_structure=&#8221;1_2,1_2&#8243; use_custom_gutter=&#8221;on&#8221; gutter_width=&#8221;1&#8243; make_equal=&#8221;on&#8221; custom_padding_last_edited=&#8221;on|tablet&#8221; _builder_version=&#8221;4.7.3&#8243; _module_preset=&#8221;default&#8221; width=&#8221;100%&#8221; max_width=&#8221;100%&#8221; custom_padding=&#8221;0px||0px||true|false&#8221; custom_padding_tablet=&#8221;50px||50px||true|false&#8221; custom_padding_phone=&#8221;&#8221; hover_enabled=&#8221;0&#8243; custom_css_main_element_last_edited=&#8221;on|tablet&#8221; sticky_enabled=&#8221;0&#8243; custom_css_main_element_tablet=&#8221;display:flex;||flex-direction:column-reverse;&#8221;][et_pb_column type=&#8221;1_2&#8243; _builder_version=&#8221;4.7.3&#8243; _module_preset=&#8221;default&#8221;][et_pb_image src=&#8221;https:\/\/suresolutiones.com\/wp-content\/uploads\/2022\/06\/ss-img-3.jpg&#8221; title_text=&#8221;ss-img-3&#8243; show_bottom_space=&#8221;off&#8221; force_fullwidth=&#8221;on&#8221; _builder_version=&#8221;4.7.3&#8243; _module_preset=&#8221;default&#8221;][\/et_pb_image][\/et_pb_column][et_pb_column type=&#8221;1_2&#8243; _builder_version=&#8221;4.7.3&#8243; _module_preset=&#8221;default&#8221; background_enable_color=&#8221;off&#8221; custom_padding=&#8221;|5%||5%|false|true&#8221; custom_css_main_element=&#8221;display:flex;||||flex-direction:column;||justify-content:center;&#8221;][et_pb_text _builder_version=&#8221;4.7.3&#8243; _module_preset=&#8221;default&#8221; text_text_color=&#8221;#000000&#8243; header_2_text_color=&#8221;#0a5093&#8243; animation_style=&#8221;slide&#8221; animation_direction=&#8221;right&#8221;]<\/p>\n<h2>Centre de donn\u00e9es en tant que service<\/h2>\n<p>[\/et_pb_text][et_pb_text _builder_version=&#8221;4.7.3&#8243; _module_preset=&#8221;default&#8221; text_text_color=&#8221;#000000&#8243; header_2_text_color=&#8221;#0a5093&#8243; animation_style=&#8221;slide&#8221; animation_direction=&#8221;right&#8221;]<\/p>\n<h5>Service sur site<\/h5>\n<p>[\/et_pb_text][et_pb_text _builder_version=&#8221;4.7.3&#8243; _module_preset=&#8221;default&#8221; text_text_color=&#8221;#000000&#8243; header_2_text_color=&#8221;#0a5093&#8243; custom_margin=&#8221;||50px||false|false&#8221; animation_style=&#8221;slide&#8221; animation_direction=&#8221;right&#8221;]<\/p>\n<ul>\n<li>Infrastructure<\/li>\n<li>virtualisation<\/li>\n<li>Stockage<\/li>\n<li>Sauvegarde<\/li>\n<li>Services Microsoft<\/li>\n<\/ul>\n<p>[\/et_pb_text][\/et_pb_column][\/et_pb_row][\/et_pb_section][et_pb_section fb_built=&#8221;1&#8243; _builder_version=&#8221;4.7.3&#8243; _module_preset=&#8221;default&#8221; custom_padding=&#8221;0px||0px||true|false&#8221;][et_pb_row column_structure=&#8221;1_2,1_2&#8243; use_custom_gutter=&#8221;on&#8221; gutter_width=&#8221;1&#8243; make_equal=&#8221;on&#8221; custom_padding_last_edited=&#8221;on|tablet&#8221; _builder_version=&#8221;4.7.3&#8243; _module_preset=&#8221;default&#8221; width=&#8221;100%&#8221; max_width=&#8221;100%&#8221; custom_padding=&#8221;0px||0px||true|false&#8221; custom_padding_tablet=&#8221;50px||50px||true|false&#8221; custom_padding_phone=&#8221;&#8221;][et_pb_column type=&#8221;1_2&#8243; _builder_version=&#8221;4.7.3&#8243; _module_preset=&#8221;default&#8221; background_enable_color=&#8221;off&#8221; custom_padding=&#8221;|5%||5%|false|true&#8221; custom_css_main_element=&#8221;display:flex;||||flex-direction:column;||justify-content:center;&#8221;][et_pb_text _builder_version=&#8221;4.7.3&#8243; _module_preset=&#8221;default&#8221; text_text_color=&#8221;#000000&#8243; header_2_text_color=&#8221;#0a5093&#8243; animation_style=&#8221;slide&#8221; animation_direction=&#8221;right&#8221;]<\/p>\n<h2>Migration du centre de donn\u00e9es vers le cloud<\/h2>\n<p>[\/et_pb_text][et_pb_text _builder_version=&#8221;4.7.3&#8243; _module_preset=&#8221;default&#8221; text_text_color=&#8221;#000000&#8243; header_2_text_color=&#8221;#0a5093&#8243; animation_style=&#8221;slide&#8221; animation_direction=&#8221;right&#8221;]<\/p>\n<h5>Service sur site<\/h5>\n<p>[\/et_pb_text][et_pb_text _builder_version=&#8221;4.7.3&#8243; _module_preset=&#8221;default&#8221; text_text_color=&#8221;#000000&#8243; header_2_text_color=&#8221;#0a5093&#8243; custom_margin=&#8221;||50px||false|false&#8221; animation_style=&#8221;slide&#8221; animation_direction=&#8221;right&#8221;]<\/p>\n<p>Parmi de nombreuses consid\u00e9rations, les migrations de centres de donn\u00e9es vers le cloud n\u00e9cessitent une compr\u00e9hension des d\u00e9pendances de l'ensemble de l'environnement informatique. l'exp\u00e9rience pour vous aider \u00e0 travers les \u00e9tapes et l'ex\u00e9cution minutieuse des strat\u00e9gies de migration sans perturbations importantes des op\u00e9rations commerciales.<\/p>\n<p>[\/et_pb_text][\/et_pb_column][et_pb_column type=&#8221;1_2&#8243; _builder_version=&#8221;4.7.3&#8243; _module_preset=&#8221;default&#8221;][et_pb_image src=&#8221;https:\/\/suresolutiones.com\/wp-content\/uploads\/2022\/06\/ss-img-1.jpg&#8221; title_text=&#8221;ss-img-1&#8243; _builder_version=&#8221;4.7.3&#8243; _module_preset=&#8221;default&#8221;][\/et_pb_image][\/et_pb_column][\/et_pb_row][\/et_pb_section][et_pb_section fb_built=&#8221;1&#8243; _builder_version=&#8221;4.7.3&#8243; _module_preset=&#8221;default&#8221; min_height=&#8221;70vh&#8221; custom_padding=&#8221;0px||0px||true|false&#8221;][et_pb_row column_structure=&#8221;1_2,1_2&#8243; use_custom_gutter=&#8221;on&#8221; gutter_width=&#8221;1&#8243; make_equal=&#8221;on&#8221; custom_padding_last_edited=&#8221;on|tablet&#8221; _builder_version=&#8221;4.7.3&#8243; _module_preset=&#8221;default&#8221; width=&#8221;100%&#8221; max_width=&#8221;100%&#8221; min_height=&#8221;70vh&#8221; custom_padding=&#8221;0px||0px||true|false&#8221; custom_padding_tablet=&#8221;50px||50px||true|false&#8221; custom_padding_phone=&#8221;&#8221; hover_enabled=&#8221;0&#8243; custom_css_main_element_last_edited=&#8221;on|tablet&#8221; sticky_enabled=&#8221;0&#8243; custom_css_main_element_tablet=&#8221;display:flex;||flex-direction:column-reverse&#8221;][et_pb_column type=&#8221;1_2&#8243; _builder_version=&#8221;4.7.3&#8243; _module_preset=&#8221;default&#8221;][et_pb_image src=&#8221;https:\/\/suresolutiones.com\/wp-content\/uploads\/2022\/06\/ss-img-2.jpg&#8221; title_text=&#8221;ss-img-2&#8243; _builder_version=&#8221;4.7.3&#8243; _module_preset=&#8221;default&#8221;][\/et_pb_image][\/et_pb_column][et_pb_column type=&#8221;1_2&#8243; _builder_version=&#8221;4.7.3&#8243; _module_preset=&#8221;default&#8221; background_enable_color=&#8221;off&#8221; custom_padding=&#8221;|5%||5%|false|true&#8221; custom_css_main_element=&#8221;display:flex;||||flex-direction:column;||justify-content:center;&#8221;][et_pb_text _builder_version=&#8221;4.7.3&#8243; _module_preset=&#8221;default&#8221; text_text_color=&#8221;#000000&#8243; header_2_text_color=&#8221;#0a5093&#8243; animation_style=&#8221;slide&#8221; animation_direction=&#8221;right&#8221;]<\/p>\n<h2>Service d'\u00e9quipement<\/h2>\n<p>[\/et_pb_text][et_pb_text _builder_version=&#8221;4.7.3&#8243; _module_preset=&#8221;default&#8221; text_text_color=&#8221;#000000&#8243; header_2_text_color=&#8221;#0a5093&#8243; animation_style=&#8221;slide&#8221; animation_direction=&#8221;right&#8221;]<\/p>\n<h5>Service sur site<\/h5>\n<p>[\/et_pb_text][et_pb_text _builder_version=&#8221;4.7.3&#8243; _module_preset=&#8221;default&#8221; text_text_color=&#8221;#000000&#8243; header_2_text_color=&#8221;#0a5093&#8243; custom_margin=&#8221;||50px||false|false&#8221; animation_style=&#8221;slide&#8221; animation_direction=&#8221;right&#8221;]<\/p>\n<ul>\n<li>personnel, r\u00e9seau<\/li>\n<li>IMAC<\/li>\n<li>Stocker<\/li>\n<li>Enqu\u00eate sur le site<\/li>\n<\/ul>\n<p>[\/et_pb_text][\/et_pb_column][\/et_pb_row][\/et_pb_section]<\/p>","protected":false},"excerpt":{"rendered":"<p>OUR SERVICESTO STAY COMPETITIVE, ORGANIZATIONS MUST KEEP PACE WITH TECHNOLOGYConsultant &amp; Managment\u00a0so that you can concentrate on your core business.\u00a0 We will provide a wide range of IT consulting, project management, planning and strategy, e-commerce design and management.OutsourcingMany of today\u2019s businesses are looking to outsource their IT. They can focus their attention on their core [&hellip;]<\/p>","protected":false},"author":1,"featured_media":0,"parent":0,"menu_order":0,"comment_status":"closed","ping_status":"closed","template":"","meta":{"_et_pb_use_builder":"on","_et_pb_old_content":"","_et_gb_content_width":"","om_disable_all_campaigns":false,"_monsterinsights_skip_tracking":false,"_monsterinsights_sitenote_active":false,"_monsterinsights_sitenote_note":"","_monsterinsights_sitenote_category":0,"footnotes":""},"class_list":["post-1194","page","type-page","status-publish","hentry"],"aioseo_notices":[],"jetpack_sharing_enabled":true,"_links":{"self":[{"href":"https:\/\/suresolutiones.com\/fr\/wp-json\/wp\/v2\/pages\/1194","targetHints":{"allow":["GET"]}}],"collection":[{"href":"https:\/\/suresolutiones.com\/fr\/wp-json\/wp\/v2\/pages"}],"about":[{"href":"https:\/\/suresolutiones.com\/fr\/wp-json\/wp\/v2\/types\/page"}],"author":[{"embeddable":true,"href":"https:\/\/suresolutiones.com\/fr\/wp-json\/wp\/v2\/users\/1"}],"replies":[{"embeddable":true,"href":"https:\/\/suresolutiones.com\/fr\/wp-json\/wp\/v2\/comments?post=1194"}],"version-history":[{"count":0,"href":"https:\/\/suresolutiones.com\/fr\/wp-json\/wp\/v2\/pages\/1194\/revisions"}],"wp:attachment":[{"href":"https:\/\/suresolutiones.com\/fr\/wp-json\/wp\/v2\/media?parent=1194"}],"curies":[{"name":"wp","href":"https:\/\/api.w.org\/{rel}","templated":true}]}}